{"id":634,"date":"2023-01-26T17:03:07","date_gmt":"2023-01-26T17:03:07","guid":{"rendered":"https:\/\/investimo.ao\/?page_id=634"},"modified":"2025-01-28T09:56:20","modified_gmt":"2025-01-28T09:56:20","slug":"mediacao-imobiliaria","status":"publish","type":"page","link":"https:\/\/investimo.ao\/en\/mediacao-imobiliaria\/","title":{"rendered":"Real Estate Mediation"},"content":{"rendered":"<div data-elementor-type=\"wp-page\" data-elementor-id=\"634\" class=\"elementor elementor-634\" data-elementor-post-type=\"page\">\n\t\t\t\t\t\t<section class=\"elementor-section elementor-top-section elementor-element elementor-element-4a22af7 elementor-section-height-min-height elementor-reverse-mobile elementor-section-full_width elementor-hidden-mobile elementor-section-height-default elementor-section-items-middle\" data-id=\"4a22af7\" data-element_type=\"section\" data-e-type=\"section\" data-settings=\"{&quot;background_background&quot;:&quot;classic&quot;}\">\n\t\t\t\t\t\t\t<div class=\"elementor-background-overlay\"><\/div>\n\t\t\t\t\t\t\t<div class=\"elementor-container elementor-column-gap-no\">\n\t\t\t\t\t<div class=\"elementor-column elementor-col-100 elementor-top-column elementor-element elementor-element-ac5ee69 elementor-hidden-phone\" data-id=\"ac5ee69\" data-element_type=\"column\" data-e-type=\"column\">\n\t\t\t<div class=\"elementor-widget-wrap elementor-element-populated\">\n\t\t\t\t\t\t<div class=\"elementor-element elementor-element-c713864 elementor-widget elementor-widget-heading\" data-id=\"c713864\" data-element_type=\"widget\" data-e-type=\"widget\" data-widget_type=\"heading.default\">\n\t\t\t\t<div class=\"elementor-widget-container\">\n\t\t\t\t\t<h2 class=\"elementor-heading-title elementor-size-default\">Real Estate Mediation<\/h2>\t\t\t\t<\/div>\n\t\t\t\t<\/div>\n\t\t\t\t\t<\/div>\n\t\t<\/div>\n\t\t\t\t\t<\/div>\n\t\t<\/section>\n\t\t\t\t<section class=\"elementor-section elementor-top-section elementor-element elementor-element-11a5b80 elementor-section-height-min-height elementor-reverse-mobile elementor-section-full_width elementor-hidden-desktop elementor-hidden-tablet elementor-section-height-default elementor-section-items-middle\" data-id=\"11a5b80\" data-element_type=\"section\" data-e-type=\"section\" data-settings=\"{&quot;background_background&quot;:&quot;classic&quot;}\">\n\t\t\t\t\t\t\t<div class=\"elementor-background-overlay\"><\/div>\n\t\t\t\t\t\t\t<div class=\"elementor-container elementor-column-gap-no\">\n\t\t\t\t\t<div class=\"elementor-column elementor-col-100 elementor-top-column elementor-element elementor-element-5328e6f elementor-hidden-phone\" data-id=\"5328e6f\" data-element_type=\"column\" data-e-type=\"column\">\n\t\t\t<div class=\"elementor-widget-wrap elementor-element-populated\">\n\t\t\t\t\t\t<div class=\"elementor-element elementor-element-4329ca0 elementor-widget elementor-widget-heading\" data-id=\"4329ca0\" data-element_type=\"widget\" data-e-type=\"widget\" data-widget_type=\"heading.default\">\n\t\t\t\t<div class=\"elementor-widget-container\">\n\t\t\t\t\t<h2 class=\"elementor-heading-title elementor-size-default\">Real Estate Mediation<\/h2>\t\t\t\t<\/div>\n\t\t\t\t<\/div>\n\t\t\t\t\t<\/div>\n\t\t<\/div>\n\t\t\t\t\t<\/div>\n\t\t<\/section>\n\t\t\t\t<section class=\"elementor-section elementor-top-section elementor-element elementor-element-9e95ae7 elementor-section-boxed elementor-section-height-default elementor-section-height-default\" data-id=\"9e95ae7\" data-element_type=\"section\" data-e-type=\"section\">\n\t\t\t\t\t\t<div class=\"elementor-container elementor-column-gap-default\">\n\t\t\t\t\t<div class=\"elementor-column elementor-col-33 elementor-top-column elementor-element elementor-element-0604dff\" data-id=\"0604dff\" data-element_type=\"column\" data-e-type=\"column\">\n\t\t\t<div class=\"elementor-widget-wrap\">\n\t\t\t\t\t\t\t<\/div>\n\t\t<\/div>\n\t\t\t\t<div class=\"elementor-column elementor-col-33 elementor-top-column elementor-element elementor-element-4d3abba\" data-id=\"4d3abba\" data-element_type=\"column\" data-e-type=\"column\">\n\t\t\t<div class=\"elementor-widget-wrap elementor-element-populated\">\n\t\t\t\t\t\t<div class=\"elementor-element elementor-element-a5d309d elementor-widget elementor-widget-image\" data-id=\"a5d309d\" data-element_type=\"widget\" data-e-type=\"widget\" data-widget_type=\"image.default\">\n\t\t\t\t<div class=\"elementor-widget-container\">\n\t\t\t\t\t\t\t\t\t\t\t\t\t\t\t<img fetchpriority=\"high\" decoding=\"async\" width=\"1024\" height=\"605\" src=\"https:\/\/investimo.ao\/wp-content\/uploads\/2023\/01\/logovert.png\" class=\"attachment-large size-large wp-image-117\" alt=\"\" srcset=\"https:\/\/investimo.ao\/wp-content\/uploads\/2023\/01\/logovert.png 1024w, https:\/\/investimo.ao\/wp-content\/uploads\/2023\/01\/logovert-300x177.png 300w, https:\/\/investimo.ao\/wp-content\/uploads\/2023\/01\/logovert-768x454.png 768w, https:\/\/investimo.ao\/wp-content\/uploads\/2023\/01\/logovert-18x12.png 18w\" sizes=\"(max-width: 1024px) 100vw, 1024px\" \/>\t\t\t\t\t\t\t\t\t\t\t\t\t\t\t<\/div>\n\t\t\t\t<\/div>\n\t\t\t\t\t<\/div>\n\t\t<\/div>\n\t\t\t\t<div class=\"elementor-column elementor-col-33 elementor-top-column elementor-element elementor-element-343ba3b\" data-id=\"343ba3b\" data-element_type=\"column\" data-e-type=\"column\">\n\t\t\t<div class=\"elementor-widget-wrap\">\n\t\t\t\t\t\t\t<\/div>\n\t\t<\/div>\n\t\t\t\t\t<\/div>\n\t\t<\/section>\n\t\t\t\t<section class=\"elementor-section elementor-top-section elementor-element elementor-element-6cfef6d elementor-section-boxed elementor-section-height-default elementor-section-height-default\" data-id=\"6cfef6d\" data-element_type=\"section\" data-e-type=\"section\">\n\t\t\t\t\t\t<div class=\"elementor-container elementor-column-gap-default\">\n\t\t\t\t\t<div class=\"elementor-column elementor-col-100 elementor-top-column elementor-element elementor-element-80500ba\" data-id=\"80500ba\" data-element_type=\"column\" data-e-type=\"column\">\n\t\t\t<div class=\"elementor-widget-wrap elementor-element-populated\">\n\t\t\t\t\t\t<div class=\"elementor-element elementor-element-cab7c87 elementor-widget elementor-widget-heading\" data-id=\"cab7c87\" data-element_type=\"widget\" data-e-type=\"widget\" data-widget_type=\"heading.default\">\n\t\t\t\t<div class=\"elementor-widget-container\">\n\t\t\t\t\t<h2 class=\"elementor-heading-title elementor-size-default\">Real Estate Mediation<\/h2>\t\t\t\t<\/div>\n\t\t\t\t<\/div>\n\t\t\t\t<div class=\"elementor-element elementor-element-9e8ea4e elementor-widget elementor-widget-text-editor\" data-id=\"9e8ea4e\" data-element_type=\"widget\" data-e-type=\"widget\" data-widget_type=\"text-editor.default\">\n\t\t\t\t<div class=\"elementor-widget-container\">\n\t\t\t\t\t\t\t\t\t<p>Our extensive knowledge of the real estate market and all legal and bureaucratic processes related to the purchase and sale of a property allows us to position ourselves as specialists in the real estate sector.<\/p><p>Therefore, we have an expertise in this market that allows us to know the available properties, market prices, and the average time it takes to sell a property. In addition to this market information, we have a networking capability that allows us to have a robust portfolio of assets as a result of the acquisition developed by our team and a very relevant track record in completing real estate transactions.<\/p><p>Additionally, we have a deep knowledge of the administrative, legal, and financial procedures required in the process of buying and selling a property, which makes our team the ideal partner for handling licenses, purchase and sale or rental contracts, deeds, and other issues related to the transaction of new or used properties.<\/p><p class=\"translation-block\"><a href=\"https:\/\/www.primeproperties.ao\/\" target=\"_blank\" rel=\"noopener\">PRIME PROPERTIES<\/a> is a new real estate brokerage brand that is the result of the vast experience of INVESTIMO, a subsidiary of the <a href=\"https:\/\/omatapalo.com\/\" target=\"_self\">OMATAPALO<\/a> Group specializing in the real estate sector. More than just a point of sale,  <a href=\"https:\/\/www.primeproperties.ao\/\" target=\"_self\"><em>Prime Properties<\/em><\/a> is a space open to the community where events of general interest are held to promote networking and the meeting of people with common interests, enriching their professional and personal relationships.<\/p><p>Find out more at <a href=\"http:\/\/www.primeproperties.ao\" target=\"_blank\" rel=\"noopener\">www.primeproperties.ao<\/a><\/p>\t\t\t\t\t\t\t\t<\/div>\n\t\t\t\t<\/div>\n\t\t\t\t\t<\/div>\n\t\t<\/div>\n\t\t\t\t\t<\/div>\n\t\t<\/section>\n\t\t\t\t<\/div>","protected":false},"excerpt":{"rendered":"<p>MEDIA\u00c7\u00c3O IMOBILI\u00c1RIA MEDIA\u00c7\u00c3O IMOBILI\u00c1RIA Media\u00e7\u00e3o Imobili\u00e1ria O vasto conhecimento que temos do mercado imobili\u00e1rio e de todos os processos legais e burocr\u00e1ticos relaccionados com a compra e venda de um im\u00f3vel, permite que nos assumamos como especialistas no ramo imobili\u00e1rio. Temos, assim, uma expertise neste mercado que nos permite conhecer os im\u00f3veis dispon\u00edveis, os pre\u00e7os [&hellip;]<\/p>\n","protected":false},"author":1,"featured_media":0,"parent":0,"menu_order":0,"comment_status":"closed","ping_status":"closed","template":"","meta":{"site-sidebar-layout":"no-sidebar","site-content-layout":"page-builder","ast-site-content-layout":"default","site-content-style":"default","site-sidebar-style":"default","ast-global-header-display":"","ast-banner-title-visibility":"","ast-main-header-display":"","ast-hfb-above-header-display":"","ast-hfb-below-header-display":"","ast-hfb-mobile-header-display":"","site-post-title":"disabled","ast-breadcrumbs-content":"","ast-featured-img":"disabled","footer-sml-layout":"","ast-disable-related-posts":"","theme-transparent-header-meta":"","adv-header-id-meta":"","stick-header-meta":"","header-above-stick-meta":"","header-main-stick-meta":"","header-below-stick-meta":"","astra-migrate-meta-layouts":"default","ast-page-background-enabled":"default","ast-page-background-meta":{"desktop":{"background-color":"var(--ast-global-color-4)","background-image":"","background-repeat":"repeat","background-position":"center center","background-size":"auto","background-attachment":"scroll","background-type":"","background-media":"","overlay-type":"","overlay-color":"","overlay-opacity":"","overlay-gradient":""},"tablet":{"background-color":"","background-image":"","background-repeat":"repeat","background-position":"center center","background-size":"auto","background-attachment":"scroll","background-type":"","background-media":"","overlay-type":"","overlay-color":"","overlay-opacity":"","overlay-gradient":""},"mobile":{"background-color":"","background-image":"","background-repeat":"repeat","background-position":"center center","background-size":"auto","background-attachment":"scroll","background-type":"","background-media":"","overlay-type":"","overlay-color":"","overlay-opacity":"","overlay-gradient":""}},"ast-content-background-meta":{"desktop":{"background-color":"var(--ast-global-color-5)","background-image":"","background-repeat":"repeat","background-position":"center center","background-size":"auto","background-attachment":"scroll","background-type":"","background-media":"","overlay-type":"","overlay-color":"","overlay-opacity":"","overlay-gradient":""},"tablet":{"background-color":"var(--ast-global-color-5)","background-image":"","background-repeat":"repeat","background-position":"center center","background-size":"auto","background-attachment":"scroll","background-type":"","background-media":"","overlay-type":"","overlay-color":"","overlay-opacity":"","overlay-gradient":""},"mobile":{"background-color":"var(--ast-global-color-5)","background-image":"","background-repeat":"repeat","background-position":"center center","background-size":"auto","background-attachment":"scroll","background-type":"","background-media":"","overlay-type":"","overlay-color":"","overlay-opacity":"","overlay-gradient":""}},"footnotes":""},"class_list":["post-634","page","type-page","status-publish","hentry"],"acf":[],"_links":{"self":[{"href":"https:\/\/investimo.ao\/en\/wp-json\/wp\/v2\/pages\/634","targetHints":{"allow":["GET"]}}],"collection":[{"href":"https:\/\/investimo.ao\/en\/wp-json\/wp\/v2\/pages"}],"about":[{"href":"https:\/\/investimo.ao\/en\/wp-json\/wp\/v2\/types\/page"}],"author":[{"embeddable":true,"href":"https:\/\/investimo.ao\/en\/wp-json\/wp\/v2\/users\/1"}],"replies":[{"embeddable":true,"href":"https:\/\/investimo.ao\/en\/wp-json\/wp\/v2\/comments?post=634"}],"version-history":[{"count":73,"href":"https:\/\/investimo.ao\/en\/wp-json\/wp\/v2\/pages\/634\/revisions"}],"predecessor-version":[{"id":1285,"href":"https:\/\/investimo.ao\/en\/wp-json\/wp\/v2\/pages\/634\/revisions\/1285"}],"wp:attachment":[{"href":"https:\/\/investimo.ao\/en\/wp-json\/wp\/v2\/media?parent=634"}],"curies":[{"name":"wp","href":"https:\/\/api.w.org\/{rel}","templated":true}]}}