{"id":623,"date":"2023-01-26T16:46:26","date_gmt":"2023-01-26T16:46:26","guid":{"rendered":"https:\/\/investimo.ao\/?page_id=623"},"modified":"2024-02-29T16:13:35","modified_gmt":"2024-02-29T16:13:35","slug":"promocao-imobiliaria","status":"publish","type":"page","link":"https:\/\/investimo.ao\/en\/promocao-imobiliaria\/","title":{"rendered":"Real Estate Promotion"},"content":{"rendered":"<div data-elementor-type=\"wp-page\" data-elementor-id=\"623\" class=\"elementor elementor-623\" data-elementor-post-type=\"page\">\n\t\t\t\t\t\t<section class=\"elementor-section elementor-top-section elementor-element elementor-element-ba13ed5 elementor-section-height-min-height elementor-reverse-mobile elementor-section-full_width elementor-section-height-default elementor-section-items-middle\" data-id=\"ba13ed5\" data-element_type=\"section\" data-e-type=\"section\" data-settings=\"{&quot;background_background&quot;:&quot;classic&quot;}\">\n\t\t\t\t\t\t\t<div class=\"elementor-background-overlay\"><\/div>\n\t\t\t\t\t\t\t<div class=\"elementor-container elementor-column-gap-no\">\n\t\t\t\t\t<div class=\"elementor-column elementor-col-100 elementor-top-column elementor-element elementor-element-ce9518d elementor-hidden-phone\" data-id=\"ce9518d\" data-element_type=\"column\" data-e-type=\"column\">\n\t\t\t<div class=\"elementor-widget-wrap elementor-element-populated\">\n\t\t\t\t\t\t<div class=\"elementor-element elementor-element-39a6829 elementor-widget elementor-widget-heading\" data-id=\"39a6829\" data-element_type=\"widget\" data-e-type=\"widget\" data-widget_type=\"heading.default\">\n\t\t\t\t<div class=\"elementor-widget-container\">\n\t\t\t\t\t<h2 class=\"elementor-heading-title elementor-size-default\">Real Estate Promotion<\/h2>\t\t\t\t<\/div>\n\t\t\t\t<\/div>\n\t\t\t\t\t<\/div>\n\t\t<\/div>\n\t\t\t\t\t<\/div>\n\t\t<\/section>\n\t\t\t\t<section class=\"elementor-section elementor-top-section elementor-element elementor-element-ccdb4cb elementor-section-boxed elementor-section-height-default elementor-section-height-default\" data-id=\"ccdb4cb\" data-element_type=\"section\" data-e-type=\"section\">\n\t\t\t\t\t\t<div class=\"elementor-container elementor-column-gap-default\">\n\t\t\t\t\t<div class=\"elementor-column elementor-col-33 elementor-top-column elementor-element elementor-element-fab9ed3\" data-id=\"fab9ed3\" data-element_type=\"column\" data-e-type=\"column\">\n\t\t\t<div class=\"elementor-widget-wrap\">\n\t\t\t\t\t\t\t<\/div>\n\t\t<\/div>\n\t\t\t\t<div class=\"elementor-column elementor-col-33 elementor-top-column elementor-element elementor-element-1915f05\" data-id=\"1915f05\" data-element_type=\"column\" data-e-type=\"column\">\n\t\t\t<div class=\"elementor-widget-wrap elementor-element-populated\">\n\t\t\t\t\t\t<div class=\"elementor-element elementor-element-2c85c59 elementor-widget elementor-widget-image\" data-id=\"2c85c59\" data-element_type=\"widget\" data-e-type=\"widget\" data-widget_type=\"image.default\">\n\t\t\t\t<div class=\"elementor-widget-container\">\n\t\t\t\t\t\t\t\t\t\t\t\t\t\t\t<img fetchpriority=\"high\" decoding=\"async\" width=\"1024\" height=\"605\" src=\"https:\/\/investimo.ao\/wp-content\/uploads\/2023\/01\/logovert.png\" class=\"attachment-large size-large wp-image-117\" alt=\"\" srcset=\"https:\/\/investimo.ao\/wp-content\/uploads\/2023\/01\/logovert.png 1024w, https:\/\/investimo.ao\/wp-content\/uploads\/2023\/01\/logovert-300x177.png 300w, https:\/\/investimo.ao\/wp-content\/uploads\/2023\/01\/logovert-768x454.png 768w, https:\/\/investimo.ao\/wp-content\/uploads\/2023\/01\/logovert-18x12.png 18w\" sizes=\"(max-width: 1024px) 100vw, 1024px\" \/>\t\t\t\t\t\t\t\t\t\t\t\t\t\t\t<\/div>\n\t\t\t\t<\/div>\n\t\t\t\t\t<\/div>\n\t\t<\/div>\n\t\t\t\t<div class=\"elementor-column elementor-col-33 elementor-top-column elementor-element elementor-element-6009f4a\" data-id=\"6009f4a\" data-element_type=\"column\" data-e-type=\"column\">\n\t\t\t<div class=\"elementor-widget-wrap\">\n\t\t\t\t\t\t\t<\/div>\n\t\t<\/div>\n\t\t\t\t\t<\/div>\n\t\t<\/section>\n\t\t\t\t<section class=\"elementor-section elementor-top-section elementor-element elementor-element-3d683b8 elementor-section-boxed elementor-section-height-default elementor-section-height-default\" data-id=\"3d683b8\" data-element_type=\"section\" data-e-type=\"section\">\n\t\t\t\t\t\t<div class=\"elementor-container elementor-column-gap-default\">\n\t\t\t\t\t<div class=\"elementor-column elementor-col-100 elementor-top-column elementor-element elementor-element-99e578d\" data-id=\"99e578d\" data-element_type=\"column\" data-e-type=\"column\">\n\t\t\t<div class=\"elementor-widget-wrap elementor-element-populated\">\n\t\t\t\t\t\t<div class=\"elementor-element elementor-element-a3095ed elementor-widget elementor-widget-heading\" data-id=\"a3095ed\" data-element_type=\"widget\" data-e-type=\"widget\" data-widget_type=\"heading.default\">\n\t\t\t\t<div class=\"elementor-widget-container\">\n\t\t\t\t\t<h2 class=\"elementor-heading-title elementor-size-default\">Real Estate Promotion<\/h2>\t\t\t\t<\/div>\n\t\t\t\t<\/div>\n\t\t\t\t<div class=\"elementor-element elementor-element-299d2f1 elementor-widget elementor-widget-text-editor\" data-id=\"299d2f1\" data-element_type=\"widget\" data-e-type=\"widget\" data-widget_type=\"text-editor.default\">\n\t\t\t\t<div class=\"elementor-widget-container\">\n\t\t\t\t\t\t\t\t\t<div title=\"Page 2\">\n<div title=\"Page 6\">\n<p>The experience gained over the years in the construction of our own and third-party real estate assets, of various typologies ranging from commercial buildings to offices and shopping centers, allows us to have a unique know-how and market knowledge, which together with our solidity, quality, and commitment to fulfilling our promises that are recognized by the market, make our company the reference partner in the national market for the development of real estate projects.<\/p>\n<p>Integrated management applied to real estate takes on an expanded dimension when interaction with our services occurs in the project phase. With several mandates currently ongoing in this relevant market project phase, intervention can be ensured either prior to acquisitions or during the licensing phase, with the objective of ensuring profitability projections or simply confirming assumptions, as well as guaranteeing future assumptions during the management phase, whether for holding or planning the sale and appreciation in a yield context.<\/p>\n<p>With specialist partners in very specific technical areas, our team also ensures the integration of all necessary services for property owners.<\/p>\n<p>The knowledge and experience gained through our managed portfolio allows for benchmarking of solutions across all types of assets, which is very useful for specific or mixed-use assets. These include income-generating properties such as shopping centers, commercial galleries, tourist resorts, residential or office buildings, as well as non-income-generating properties such as semi-built properties, lots or land.<\/p>\n<\/div>\n<\/div>\t\t\t\t\t\t\t\t<\/div>\n\t\t\t\t<\/div>\n\t\t\t\t\t<\/div>\n\t\t<\/div>\n\t\t\t\t\t<\/div>\n\t\t<\/section>\n\t\t\t\t<\/div>","protected":false},"excerpt":{"rendered":"<p>Promo\u00e7\u00e3o Imobili\u00e1ria Promo\u00e7\u00e3o Imobili\u00e1ria A experi\u00eancia adquirida, ao longo dos anos, na constru\u00e7\u00e3o de activos imobili\u00e1rios pr\u00f3prios e para terceiros, de v\u00e1rias tipologias, que v\u00e3o desde edif\u00edcios comerciais, a escrit\u00f3rios e centros comerciais, permite-nos ter um know-how e um conhecimento de mercado \u00fanicos que, a par da solidez, qualidade e cumprimento dos compromissos assumidos, que [&hellip;]<\/p>\n","protected":false},"author":1,"featured_media":0,"parent":0,"menu_order":0,"comment_status":"closed","ping_status":"closed","template":"","meta":{"site-sidebar-layout":"no-sidebar","site-content-layout":"page-builder","ast-site-content-layout":"default","site-content-style":"default","site-sidebar-style":"default","ast-global-header-display":"","ast-banner-title-visibility":"","ast-main-header-display":"","ast-hfb-above-header-display":"","ast-hfb-below-header-display":"","ast-hfb-mobile-header-display":"","site-post-title":"disabled","ast-breadcrumbs-content":"","ast-featured-img":"disabled","footer-sml-layout":"","ast-disable-related-posts":"","theme-transparent-header-meta":"","adv-header-id-meta":"","stick-header-meta":"","header-above-stick-meta":"","header-main-stick-meta":"","header-below-stick-meta":"","astra-migrate-meta-layouts":"default","ast-page-background-enabled":"default","ast-page-background-meta":{"desktop":{"background-color":"var(--ast-global-color-4)","background-image":"","background-repeat":"repeat","background-position":"center center","background-size":"auto","background-attachment":"scroll","background-type":"","background-media":"","overlay-type":"","overlay-color":"","overlay-opacity":"","overlay-gradient":""},"tablet":{"background-color":"","background-image":"","background-repeat":"repeat","background-position":"center center","background-size":"auto","background-attachment":"scroll","background-type":"","background-media":"","overlay-type":"","overlay-color":"","overlay-opacity":"","overlay-gradient":""},"mobile":{"background-color":"","background-image":"","background-repeat":"repeat","background-position":"center center","background-size":"auto","background-attachment":"scroll","background-type":"","background-media":"","overlay-type":"","overlay-color":"","overlay-opacity":"","overlay-gradient":""}},"ast-content-background-meta":{"desktop":{"background-color":"var(--ast-global-color-5)","background-image":"","background-repeat":"repeat","background-position":"center center","background-size":"auto","background-attachment":"scroll","background-type":"","background-media":"","overlay-type":"","overlay-color":"","overlay-opacity":"","overlay-gradient":""},"tablet":{"background-color":"var(--ast-global-color-5)","background-image":"","background-repeat":"repeat","background-position":"center center","background-size":"auto","background-attachment":"scroll","background-type":"","background-media":"","overlay-type":"","overlay-color":"","overlay-opacity":"","overlay-gradient":""},"mobile":{"background-color":"var(--ast-global-color-5)","background-image":"","background-repeat":"repeat","background-position":"center center","background-size":"auto","background-attachment":"scroll","background-type":"","background-media":"","overlay-type":"","overlay-color":"","overlay-opacity":"","overlay-gradient":""}},"footnotes":""},"class_list":["post-623","page","type-page","status-publish","hentry"],"acf":[],"_links":{"self":[{"href":"https:\/\/investimo.ao\/en\/wp-json\/wp\/v2\/pages\/623","targetHints":{"allow":["GET"]}}],"collection":[{"href":"https:\/\/investimo.ao\/en\/wp-json\/wp\/v2\/pages"}],"about":[{"href":"https:\/\/investimo.ao\/en\/wp-json\/wp\/v2\/types\/page"}],"author":[{"embeddable":true,"href":"https:\/\/investimo.ao\/en\/wp-json\/wp\/v2\/users\/1"}],"replies":[{"embeddable":true,"href":"https:\/\/investimo.ao\/en\/wp-json\/wp\/v2\/comments?post=623"}],"version-history":[{"count":25,"href":"https:\/\/investimo.ao\/en\/wp-json\/wp\/v2\/pages\/623\/revisions"}],"predecessor-version":[{"id":1191,"href":"https:\/\/investimo.ao\/en\/wp-json\/wp\/v2\/pages\/623\/revisions\/1191"}],"wp:attachment":[{"href":"https:\/\/investimo.ao\/en\/wp-json\/wp\/v2\/media?parent=623"}],"curies":[{"name":"wp","href":"https:\/\/api.w.org\/{rel}","templated":true}]}}